{"id":3687,"date":"2020-07-30T15:01:30","date_gmt":"2020-07-30T19:01:30","guid":{"rendered":"http:\/\/new.whomakesthenews.org\/?page_id=3687"},"modified":"2024-04-12T17:39:17","modified_gmt":"2024-04-12T21:39:17","slug":"publications","status":"publish","type":"page","link":"https:\/\/whomakesthenews.org\/es\/publications\/","title":{"rendered":"Publications"},"content":{"rendered":"\t\t<div data-elementor-type=\"wp-page\" data-elementor-id=\"3687\" class=\"elementor elementor-3687\">\n\t\t\t\t\t\t<section class=\"elementor-section elementor-top-section elementor-element elementor-element-6e6def6 elementor-section-boxed elementor-section-height-default elementor-section-height-default parallax_section_no qode_elementor_container_no\" data-id=\"6e6def6\" data-element_type=\"section\" data-e-type=\"section\">\n\t\t\t\t\t\t<div class=\"elementor-container elementor-column-gap-default\">\n\t\t\t\t\t<div class=\"elementor-column elementor-col-66 elementor-top-column elementor-element elementor-element-9758ef2\" data-id=\"9758ef2\" data-element_type=\"column\" data-e-type=\"column\">\n\t\t\t<div class=\"elementor-widget-wrap elementor-element-populated\">\n\t\t\t\t\t\t<div class=\"elementor-element elementor-element-0ebcca1 elementor-widget elementor-widget-text-editor\" data-id=\"0ebcca1\" data-element_type=\"widget\" data-e-type=\"widget\" data-widget_type=\"text-editor.default\">\n\t\t\t\t<div class=\"elementor-widget-container\">\n\t\t\t\t\t\t\t\t\t<p><\/p>\n<div class=\"wp-block-image\">\n<figure class=\"alignleft size-large\"><img decoding=\"async\" width=\"131\" height=\"170\" class=\"wp-image-2782\" src=\"http:\/\/new.whomakesthenews.org\/wp-content\/uploads\/who-makes-the-news\/Resources\/MD-2013-4.cover-mini.jpg\" alt=\"\" \/><\/figure>\n<\/div>\n<p>\n\n<\/p>\n<p><strong><em>Media Development<\/em>: <\/strong>An international quarterly journal dedicated to the theory and practice of communication around the world. <em>Media Development<\/em> is published by WACC.<\/p>\n<p>\n\n<\/p>\n<p>2020\/1: <a href=\"https:\/\/new.waccglobal.org\/wp-content\/uploads\/2020\/04\/1-2020.MD_fin.pdf\" target=\"_blank\" rel=\"noopener\">Realising Gender Equality: Progress and Problems<\/a><br \/>2018\/1: <a href=\"https:\/\/new.waccglobal.org\/wp-content\/uploads\/2020\/04\/1-2018.MediaDevelopment.FIN3_.pdf\" target=\"_blank\" rel=\"noopener\">Gender and Media: A Holistic Agenda<\/a><br \/>2013\/4: <a href=\"\/wp-content\/uploads\/who-makes-the-news\/Resources\/Media-Development-2013-Vol-4_Building-alliances-for-gender-and-media.pdf\" target=\"_blank\" rel=\"noreferrer noopener\">Building Alliances for Gender &amp; Media<\/a><br \/>2010\/1: <a href=\"https:\/\/whomakesthenews.org\/wp-content\/uploads\/2024\/02\/Media-Development-2010-vol1_Rethinking-media-gender-justice.pdf\" target=\"_blank\" rel=\"noreferrer noopener\">Rethinking Media &amp; Gender Justice<\/a><br \/>1994\/2: <a href=\"https:\/\/whomakesthenews.org\/wp-content\/uploads\/2024\/02\/Media-Development-1994-vol2_Women-Empowering-Communication.pdf\" target=\"_blank\" rel=\"noopener\">Women Empowering Communication<\/a><\/p>\n<p>\n\n<\/p>\n<p>Read <a href=\"https:\/\/waccglobal.org\/media-development-2\/\" target=\"_blank\" rel=\"noopener\">other issues of <em>Media Development<\/em><\/a>.<\/p>\n<p>&nbsp;<\/p>\n<p>&nbsp;<\/p>\n<p>&nbsp;<\/p>\n<p>\n\n<\/p>\n<div class=\"wp-block-image\">\n<figure class=\"alignleft size-large is-resized\"><img decoding=\"async\" class=\"wp-image-2787\" src=\"http:\/\/new.whomakesthenews.org\/wp-content\/uploads\/who-makes-the-news\/Resources\/mgm23cover.JPG\" alt=\"\" width=\"130\" height=\"163\" \/><\/figure>\n<\/div>\n<p>\n\n<\/p>\n<p><strong><em>Media &amp; Gender Monitor:<\/em><\/strong> A bi-annual publication from WACC that addressed a wide range of gender and communication issues.<\/p>\n<p>\n\n<\/p>\n<p>Issue 24: <a href=\"\/wp-content\/uploads\/who-makes-the-news\/Resources\/Media--Gender-Monitor-Issue-24_Towards-2015_A-communication-rights-agenda.pdf\" target=\"_blank\" rel=\"noreferrer noopener\">Towards 2015 \u2013 A Communication Rights Agenda<\/a><\/p>\n<p>\n\n<\/p>\n<p>Issue 23: <a href=\"\/wp-content\/uploads\/who-makes-the-news\/Resources\/Media--Gender-Monitor-Issue-23_Gender-ethics-in-journalism.pdf\">Gender Ethics in Journalism<\/a><br \/>Issue 22: <a href=\"\/wp-content\/uploads\/who-makes-the-news\/Resources\/Media--Gender-Monitor-Issue-22_The-GMMP_An-agenda-for-action.pdf\" target=\"_blank\" rel=\"noreferrer noopener\">The GMMP \u2013 An Agenda for Action<\/a><\/p>\n<p>Issue 21: <a href=\"https:\/\/whomakesthenews.org\/wp-content\/uploads\/2024\/02\/Media-Gender-Monitor-Issue-21_GMMP2010.pdf\" target=\"_blank\" rel=\"noopener\">GMMP 2010 \u2013 A Day in the World&#8217;s News<\/a><\/p>\n<p>\n\n<\/p>\n<p>Read <a href=\"https:\/\/whomakesthenews.org\/media-gender-monitor\/\">other issues of the <em>Media and Gender Monitor.<\/em><\/a><\/p>\n<p>&nbsp;<\/p>\n<p>&nbsp;<\/p>\n<p>\n\n<\/p>\n<div class=\"wp-block-image\">\n<figure class=\"alignleft size-large is-resized\"><img decoding=\"async\" class=\"wp-image-2788\" src=\"http:\/\/new.whomakesthenews.org\/wp-content\/uploads\/who-makes-the-news\/Resources\/NNG-Cover.JPG\" alt=\"\" width=\"129\" height=\"164\" \/><\/figure>\n<\/div>\n<p>\n\n<\/p>\n<p><strong><em>No-nonsense guide<\/em>:<\/strong> Six-pages of useful information on different aspects of communication intended for practitioners and activists. Published by WACC.<\/p>\n<p>\n\n<\/p>\n<p><a href=\"\/wp-content\/uploads\/who-makes-the-news\/Resources\/NNG-Women-Peace.pdf\" target=\"_blank\" rel=\"noreferrer noopener\">A No-Nonsense Guide to Communicating Women and Peace and Security<\/a><br \/><a href=\"\/wp-content\/uploads\/who-makes-the-news\/Resources\/HIV-AIDS.pdf\" target=\"_blank\" rel=\"noreferrer noopener\">A No-Nonsense Guide to HIV\/AIDS, Gender Equality and Communication<\/a><\/p>\n<p>\n\n<\/p>\n<p>Read <a href=\"https:\/\/waccglobal.org\/no-nonsense-guides\/\" target=\"_blank\" rel=\"noopener\">other\u00a0<em>No-Nonsense Guides<\/em><\/a><em>.<\/em><\/p>\n<p>&nbsp;<\/p>\n<p>&nbsp;<\/p>\n<p>\n\n<\/p>\n<p><strong>More publications related to Gender and the Media<\/strong> <br \/>(listed in alphabetical order):<\/p>\n<p>&nbsp;<\/p>\n<p>\n\n<\/p>\n<p><a href=\"http:\/\/whomakesthenews.org\/blog\/new-publication-media-and-gender\" target=\"_blank\" rel=\"noreferrer noopener\"><strong>MEDIA AND GENDER: A SCHOLARLY AGENDA FOR THE GLOBAL ALLIANCE ON MEDIA AND GENDER<\/strong><\/a><br \/>This volume charts the current status of research on gender and media, highlights gaps and suggest directions for future research and action. Published by UNESCO, Paris, 2014.<\/p>\n<p>&nbsp;<\/p>\n<p>\n\n<\/p>\n<p><a href=\"\/wp-content\/uploads\/who-makes-the-news\/Imported\/images\/documents\/content_discontent.pdf\" target=\"_blank\" rel=\"noreferrer noopener\"><strong>CONTENT DISCONTENT: TOWARDS A FAIR PORTRAYAL OF WOMEN IN THE MEDIA<\/strong><\/a>\u00a0 (12.89 kB)<br \/>A handbook on the coverage of women and men in the media published by <a href=\"http:\/\/www.un-instraw.org\/en\/index.php?option=content&amp;task=view&amp;id=614&amp;Itemi\" target=\"_blank\" rel=\"noreferrer noopener\">Instraw\/SER<\/a>, Santo Domingo, 1995.<\/p>\n<p>&nbsp;<\/p>\n<p>\n\n<\/p>\n<p><strong><a href=\"http:\/\/www.ipsnotizie.it\/mdg3\/MDG3Editorial_Guidelines.pdf\" target=\"_blank\" rel=\"noreferrer noopener\">COMMUNICATING FOR CHANGE: GETTING VOICE, VISIBILITY AND IMPACT FOR GENDER EQUALITY<\/a><\/strong><br \/>A handbook for editors and journalists published by Inter Press Service, 2009.<\/p>\n<p>&nbsp;<\/p>\n<p>\n\n<\/p>\n<p><strong><a href=\"\/wp-content\/uploads\/who-makes-the-news\/Reports\/Internews_MakingWomenCount2013-03.pdf\">FROM COUNTING WOMEN TO MAKING WOMEN COUNT<\/a><\/strong> (2282 kB)Focussing on women in media development programmes, this publication &#8220;attempts to orient media development practitioners with both a historical and contemporary view of key policies, studies and approaches to gender integration&#8221;. By Manisha Aryal, Internews and Craig LaMay, Northwestern University. Published by Internews, 2013.<\/p>\n<p>&nbsp;<\/p>\n<p>\n\n<\/p>\n<p><a href=\"\/wp-content\/uploads\/who-makes-the-news\/Reports\/MIGS-handbook.pdf\" target=\"_blank\" rel=\"noreferrer noopener\"><strong>THE GENDER AND MEDIA HANDBOOK: Promoting Equality, Diversity &amp; Empowerment<\/strong> <\/a>(2.39 MB)\u00a0<br \/>By the Mediterranean Institute of Gender Studies (MIGS) in Cyprus.<\/p>\n<p>&nbsp;<\/p>\n<p>\n\n<\/p>\n<p><a href=\"\/wp-content\/uploads\/who-makes-the-news\/Reports\/instrawreport-1.pdf\" target=\"_blank\" rel=\"noreferrer noopener\"><strong>INSTRAW PROGRESS REPORT: WOMEN AND THE MEDIA<\/strong><\/a>\u00a0(570.07 kB)<br \/>By the United Nations International Research and Training Institute for the Advancement of Women<\/p>\n<p>&nbsp;<\/p>\n<p>\n\n<\/p>\n<p><strong><a href=\"http:\/\/www.iwmf.org\/our-research\/global-report\/\" target=\"_blank\" rel=\"noreferrer noopener\">IWMF GLOBAL REPORT ON THE STATUS OF WOMEN IN THE NEWS MEDIA\u00a0<\/a><\/strong><br \/>Published by the International Women&#8217;s Media Foundation (IWMF), this report presents data on the status of women working in news media organizations around the world.<\/p>\n<p>&nbsp;<\/p>\n<p>\n\n<\/p>\n<p><strong><a href=\"\/wp-content\/uploads\/who-makes-the-news\/Reports\/kvinnapeacejournalism.pdf\">PEACE JOURNALISM: HOW MEDIA REPORTING AFFECTS WARS AND CONFLICTS<\/a><\/strong><br \/>A report by the Kvinna till Kvinna Foundation (Sweden) on how media reporting affects wars and conflict. Also available in <a href=\"http:\/\/kvinnatillkvinna.se\/en\/files\/qbank\/b9a25e422ba96f7572089a00b838c3f8.pdf\" target=\"_blank\" rel=\"noreferrer noopener\">Arabic <\/a>and <a href=\"http:\/\/kvinnatillkvinna.se\/en\/files\/qbank\/2b763288faedb7707c0748abe015ab6c.pdf\" target=\"_blank\" rel=\"noreferrer noopener\">Bosnian<\/a>.<\/p>\n<p>&nbsp;<\/p>\n<p>\n\n<\/p>\n<p><strong><a href=\"http:\/\/womeninjournalism.co.uk\/wp-content\/uploads\/2012\/10\/Seen_but_not_heard.pdf\" target=\"_blank\" rel=\"noreferrer noopener\">SEEN BUT NOT HEARD HOW WOMEN MAKE FRONT PAGE NEWS<\/a><\/strong><br \/>An analysis of front-page news in British newspapers with respect to the portrayal and representation of women.<\/p>\n<p>&nbsp;<\/p>\n<p>\n\n<\/p>\n<p><strong><a href=\"http:\/\/www.genderlinks.org.za\/page\/women-in-media\" target=\"_blank\" rel=\"noreferrer noopener\">VIRTUAL RESOURCE CENTRE<\/a><\/strong><br \/>A special database by <a href=\"http:\/\/www.genderlinks.org.za\/\" target=\"_blank\" rel=\"noreferrer noopener\">Gender Links<\/a> containing Southern Africa case studies.<\/p>\n<p>&nbsp;<\/p>\n<p>\n\n<\/p>\n<p><strong><a href=\"http:\/\/www.iwmf.org\/our-research\/journalist-safety\/violence-and-harassment-against-women-in-the-news-media-a-global-picture\/\" target=\"_blank\" rel=\"noreferrer noopener\">VIOLENCE AND HARASSMENT ABOUT WOMEN IN THE NEWS MEDIA &#8211; A GLOBAL PICTURE<\/a><\/strong><br \/>A report by the International Women&#8217;s Media Foundation (IWMF) on violence and threats women journalists face in the course of their work.\u00a0<\/p>\n<p>&nbsp;<\/p>\n<p>\n\n<\/p>\n<p><strong><a href=\"http:\/\/wmc.3cdn.net\/b2d5a7532d50091943_n1m6b1avk.pdf\" target=\"_blank\" rel=\"noreferrer noopener\">WMF\u00a0 MEDIA GUIDE TO GENDER NEUTRAL COVERAGE OF WOMEN CANDIDATES AND POLITICIANS<\/a><\/strong><br \/>A guide by the Women&#8217;s Media Center (WMC) on gender neutral media coverage of women politicians.<\/p>\n<p>&nbsp;<\/p>\n<p>\n\n<\/p>\n<p><strong><a href=\"http:\/\/www.womensmediacenter.com\/pages\/2014-statistics\" target=\"_blank\" rel=\"noreferrer noopener\">WMF THE STATUS OF WOMEN IN THE US MEDIA IN 2014<\/a><\/strong><br \/>A report by Women&#8217;s Media Center (WMC) on the status of women in American media.<\/p>\n<p>&nbsp;<\/p>\n<p>\n\n<\/p>\n<p><strong><a href=\"\/wp-content\/uploads\/who-makes-the-news\/Reports\/WAN-IFRA-WINing-Strategies-2016.pdf\" target=\"_blank\" rel=\"noreferrer noopener\">WINNING STRATEGIES: CREATING STRONGER NEWS MEDIA ORGANIZATIONS BY INCREASING GENDER DIVERSITY<\/a><\/strong><br \/>A handbook by the World Association of Newspapers and News Publishers (WAN-IFRA) on media success stories in gender diversity as a part of WAN-IFRA&#8217;s Women in News: Gender and Media Freedom Strategy initiative.<\/p>\n<p>&nbsp;<\/p>\n<p><strong>Publications about the GMMP:<\/strong><\/p>\n<p>&nbsp;<\/p>\n<p><a href=\"https:\/\/www.amazon.com\/G%C3%AAnero-M%C3%ADdia-Di%C3%A1logos-comunica%C3%A7%C3%A3o-Portuguese-ebook\/dp\/B0CL7VWXG5\/ref=sr_1_1?crid=1H600WIZP85VG&amp;keywords=gmmp&amp;qid=1697810737&amp;s=digital-text&amp;sprefix=gmmp%2Cdigital-text%2C265&amp;sr=1-1\" target=\"_blank\" rel=\"noopener\"><img loading=\"lazy\" decoding=\"async\" class=\"alignleft wp-image-11708 size-full\" src=\"https:\/\/whomakesthenews.org\/wp-content\/uploads\/2023\/10\/Genero-na-Midia_cover-thumb.png\" alt=\"\" width=\"131\" height=\"170\" srcset=\"https:\/\/whomakesthenews.org\/wp-content\/uploads\/2023\/10\/Genero-na-Midia_cover-thumb.png 131w, https:\/\/whomakesthenews.org\/wp-content\/uploads\/2023\/10\/Genero-na-Midia_cover-thumb-9x12.png 9w\" sizes=\"(max-width: 131px) 100vw, 131px\" \/><\/a><\/p>\n<p><em><strong>G\u00eanero na M\u00eddia: o GMMP Brasil<\/strong><\/em><\/p>\n<p>O ebook &#8220;<a href=\"https:\/\/www.amazon.com\/G%C3%AAnero-M%C3%ADdia-Di%C3%A1logos-comunica%C3%A7%C3%A3o-Portuguese-ebook\/dp\/B0CL7VWXG5\/ref=sr_1_1?crid=1H600WIZP85VG&amp;keywords=gmmp&amp;qid=1697810737&amp;s=digital-text&amp;sprefix=gmmp%2Cdigital-text%2C265&amp;sr=1-1\" target=\"_blank\" rel=\"noopener\">G\u00eanero na M\u00eddia: o GMMP Brasil<\/a>&#8221; [Kindle] surge como um desdobramento do trabalho realizado em 2020 para o Global Media Monitoring Project (GMMP). Nesta publica\u00e7\u00e3o, buscamos alargar a discuss\u00e3o dos dados dispon\u00edveis no relat\u00f3rio brasileiro a partir de trabalhos que (re)contextualizam o GMMP em termos te\u00f3ricos e pr\u00e1ticos. Composto por oito cap\u00edtulos, o volume traz reflex\u00f5es sobre os estere\u00f3tipos midi\u00e1ticos de g\u00eanero na Am\u00e9rica Latina, no Brasil e a partir de diferentes recortes regionais, demonstrando que o sexismo na produ\u00e7\u00e3o noticiosa brasileira \u00e9 uma caracter\u00edstica transversal do Jornalismo.<\/p>\n<p>&nbsp;<\/p>\n<p><strong>Other publications:<\/strong><\/p>\n<p>&nbsp;<\/p>\n<p><em><strong><img loading=\"lazy\" decoding=\"async\" class=\"size-full wp-image-12119 alignleft\" src=\"https:\/\/whomakesthenews.org\/wp-content\/uploads\/2024\/04\/HandbookCommWomenRights_thumb.png\" alt=\"Cover of &quot;The Handbook of Gender, Communication, and Women's Human Rights\" width=\"131\" height=\"170\" srcset=\"https:\/\/whomakesthenews.org\/wp-content\/uploads\/2024\/04\/HandbookCommWomenRights_thumb.png 131w, https:\/\/whomakesthenews.org\/wp-content\/uploads\/2024\/04\/HandbookCommWomenRights_thumb-9x12.png 9w\" sizes=\"(max-width: 131px) 100vw, 131px\" \/>The Handbook of Gender, Communication, and Women\u2019s Human Rights<\/strong><\/em><a name=\"gender-handbook\"><\/a><\/p>\n<p>Available as an e-book and in hardcopy, the <a href=\"https:\/\/www.wiley.com\/en-us\/The+Handbook+of+Gender%2C+Communication%2C+and+Women%27s+Human+Rights-p-9781119800712\" target=\"_blank\" rel=\"noopener\"><em>Handbook<\/em><\/a> engages contemporary debates on women\u2019s rights, democracy, and neoliberalism through the lens of feminist communication scholarship. Includes chapters on gender and the media. Edited by and with contributions from members of the GMMP network.<\/p>\n<p>&nbsp;<\/p>\n<p><\/p>\t\t\t\t\t\t\t\t<\/div>\n\t\t\t\t<\/div>\n\t\t\t\t\t<\/div>\n\t\t<\/div>\n\t\t\t\t<div class=\"elementor-column elementor-col-33 elementor-top-column elementor-element elementor-element-9622e2d\" data-id=\"9622e2d\" data-element_type=\"column\" data-e-type=\"column\">\n\t\t\t<div class=\"elementor-widget-wrap\">\n\t\t\t\t\t\t\t<\/div>\n\t\t<\/div>\n\t\t\t\t\t<\/div>\n\t\t<\/section>\n\t\t\t\t<section class=\"elementor-section elementor-top-section elementor-element elementor-element-0eb7b26 elementor-section-boxed elementor-section-height-default elementor-section-height-default parallax_section_no qode_elementor_container_no\" data-id=\"0eb7b26\" data-element_type=\"section\" data-e-type=\"section\">\n\t\t\t\t\t\t<div class=\"elementor-container elementor-column-gap-default\">\n\t\t\t\t\t<div class=\"elementor-column elementor-col-100 elementor-top-column elementor-element elementor-element-f40e13e\" data-id=\"f40e13e\" data-element_type=\"column\" data-e-type=\"column\">\n\t\t\t<div class=\"elementor-widget-wrap elementor-element-populated\">\n\t\t\t\t\t\t<div class=\"elementor-element elementor-element-7ecfd70 elementor-widget elementor-widget-spacer\" data-id=\"7ecfd70\" data-element_type=\"widget\" data-e-type=\"widget\" data-widget_type=\"spacer.default\">\n\t\t\t\t<div class=\"elementor-widget-container\">\n\t\t\t\t\t\t\t<div class=\"elementor-spacer\">\n\t\t\t<div class=\"elementor-spacer-inner\"><\/div>\n\t\t<\/div>\n\t\t\t\t\t\t<\/div>\n\t\t\t\t<\/div>\n\t\t\t\t\t<\/div>\n\t\t<\/div>\n\t\t\t\t\t<\/div>\n\t\t<\/section>\n\t\t\t\t<\/div>\n\t\t","protected":false},"excerpt":{"rendered":"<p>Media Development: An international quarterly journal dedicated to the theory and practice of communication around the world. Media Development is published by WACC. 2020\/1: Realising Gender Equality: Progress and Problems2018\/1: Gender and Media: A Holistic Agenda2013\/4: Building Alliances for Gender &amp; Media2010\/1: Rethinking Media &amp;&#8230;<\/p>","protected":false},"author":1,"featured_media":0,"parent":0,"menu_order":0,"comment_status":"closed","ping_status":"closed","template":"","meta":{"footnotes":""},"class_list":["post-3687","page","type-page","status-publish","hentry"],"_links":{"self":[{"href":"https:\/\/whomakesthenews.org\/es\/wp-json\/wp\/v2\/pages\/3687","targetHints":{"allow":["GET"]}}],"collection":[{"href":"https:\/\/whomakesthenews.org\/es\/wp-json\/wp\/v2\/pages"}],"about":[{"href":"https:\/\/whomakesthenews.org\/es\/wp-json\/wp\/v2\/types\/page"}],"author":[{"embeddable":true,"href":"https:\/\/whomakesthenews.org\/es\/wp-json\/wp\/v2\/users\/1"}],"replies":[{"embeddable":true,"href":"https:\/\/whomakesthenews.org\/es\/wp-json\/wp\/v2\/comments?post=3687"}],"version-history":[{"count":47,"href":"https:\/\/whomakesthenews.org\/es\/wp-json\/wp\/v2\/pages\/3687\/revisions"}],"predecessor-version":[{"id":12126,"href":"https:\/\/whomakesthenews.org\/es\/wp-json\/wp\/v2\/pages\/3687\/revisions\/12126"}],"wp:attachment":[{"href":"https:\/\/whomakesthenews.org\/es\/wp-json\/wp\/v2\/media?parent=3687"}],"curies":[{"name":"wp","href":"https:\/\/api.w.org\/{rel}","templated":true}]}}