{"id":3664,"date":"2020-07-30T14:21:29","date_gmt":"2020-07-30T18:21:29","guid":{"rendered":"http:\/\/new.whomakesthenews.org\/?page_id=3664"},"modified":"2021-06-02T11:31:25","modified_gmt":"2021-06-02T15:31:25","slug":"gender-ethics-compass","status":"publish","type":"page","link":"https:\/\/whomakesthenews.org\/es\/gender-ethics-compass\/","title":{"rendered":"Gender Ethics Compass"},"content":{"rendered":"<div data-elementor-type=\"wp-page\" data-elementor-id=\"3664\" class=\"elementor elementor-3664\">\n\t\t\t\t\t\t<section class=\"elementor-section elementor-top-section elementor-element elementor-element-d5dd8aa elementor-section-boxed elementor-section-height-default elementor-section-height-default parallax_section_no qode_elementor_container_no\" data-id=\"d5dd8aa\" data-element_type=\"section\" data-e-type=\"section\">\n\t\t\t\t\t\t<div class=\"elementor-container elementor-column-gap-default\">\n\t\t\t\t\t<div class=\"elementor-column elementor-col-100 elementor-top-column elementor-element elementor-element-d9a8fd2\" data-id=\"d9a8fd2\" data-element_type=\"column\" data-e-type=\"column\">\n\t\t\t<div class=\"elementor-widget-wrap elementor-element-populated\">\n\t\t\t\t\t\t<div class=\"elementor-element elementor-element-8ee2dfa elementor-widget elementor-widget-heading\" data-id=\"8ee2dfa\" data-element_type=\"widget\" data-e-type=\"widget\" data-widget_type=\"heading.default\">\n\t\t\t\t<div class=\"elementor-widget-container\">\n\t\t\t\t\t<h2 class=\"elementor-heading-title elementor-size-default\">Gender Ethics Compass<\/h2>\t\t\t\t<\/div>\n\t\t\t\t<\/div>\n\t\t\t\t<div class=\"elementor-element elementor-element-4debc13 elementor-widget-divider--view-line elementor-widget elementor-widget-divider\" data-id=\"4debc13\" data-element_type=\"widget\" data-e-type=\"widget\" data-widget_type=\"divider.default\">\n\t\t\t\t<div class=\"elementor-widget-container\">\n\t\t\t\t\t\t\t<div class=\"elementor-divider\">\n\t\t\t<span class=\"elementor-divider-separator\">\n\t\t\t\t\t\t<\/span>\n\t\t<\/div>\n\t\t\t\t\t\t<\/div>\n\t\t\t\t<\/div>\n\t\t\t\t<div class=\"elementor-element elementor-element-e809590 elementor-widget elementor-widget-spacer\" data-id=\"e809590\" data-element_type=\"widget\" data-e-type=\"widget\" data-widget_type=\"spacer.default\">\n\t\t\t\t<div class=\"elementor-widget-container\">\n\t\t\t\t\t\t\t<div class=\"elementor-spacer\">\n\t\t\t<div class=\"elementor-spacer-inner\"><\/div>\n\t\t<\/div>\n\t\t\t\t\t\t<\/div>\n\t\t\t\t<\/div>\n\t\t\t\t\t<\/div>\n\t\t<\/div>\n\t\t\t\t\t<\/div>\n\t\t<\/section>\n\t\t\t\t<section class=\"elementor-section elementor-top-section elementor-element elementor-element-2a057c44 elementor-section-boxed elementor-section-height-default elementor-section-height-default parallax_section_no qode_elementor_container_no\" data-id=\"2a057c44\" data-element_type=\"section\" data-e-type=\"section\">\n\t\t\t\t\t\t<div class=\"elementor-container elementor-column-gap-default\">\n\t\t\t\t\t<div class=\"elementor-column elementor-col-100 elementor-top-column elementor-element elementor-element-6f043cab\" data-id=\"6f043cab\" data-element_type=\"column\" data-e-type=\"column\">\n\t\t\t<div class=\"elementor-widget-wrap elementor-element-populated\">\n\t\t\t\t\t\t<div class=\"elementor-element elementor-element-26afaa53 elementor-widget elementor-widget-text-editor\" data-id=\"26afaa53\" data-element_type=\"widget\" data-e-type=\"widget\" data-widget_type=\"text-editor.default\">\n\t\t\t\t<div class=\"elementor-widget-container\">\n\t\t\t\t\t\t\t\t\t<p><img fetchpriority=\"high\" decoding=\"async\" class=\"alignnone size-full wp-image-2234\" src=\"https:\/\/whomakesthenews.org\/wp-content\/uploads\/who-makes-the-news\/Imported\/learning_resource_kit\/GenderJournalismCompass.JPG\" alt=\"\" width=\"1050\" height=\"780\" \/><\/p>\t\t\t\t\t\t\t\t<\/div>\n\t\t\t\t<\/div>\n\t\t\t\t\t<\/div>\n\t\t<\/div>\n\t\t\t\t\t<\/div>\n\t\t<\/section>\n\t\t\t\t<section class=\"elementor-section elementor-top-section elementor-element elementor-element-b6eb380 elementor-section-boxed elementor-section-height-default elementor-section-height-default parallax_section_no qode_elementor_container_no\" data-id=\"b6eb380\" data-element_type=\"section\" data-e-type=\"section\">\n\t\t\t\t\t\t<div class=\"elementor-container elementor-column-gap-default\">\n\t\t\t\t\t<div class=\"elementor-column elementor-col-66 elementor-top-column elementor-element elementor-element-4c06013\" data-id=\"4c06013\" data-element_type=\"column\" data-e-type=\"column\">\n\t\t\t<div class=\"elementor-widget-wrap elementor-element-populated\">\n\t\t\t\t\t\t<div class=\"elementor-element elementor-element-acea44c elementor-widget elementor-widget-text-editor\" data-id=\"acea44c\" data-element_type=\"widget\" data-e-type=\"widget\" data-widget_type=\"text-editor.default\">\n\t\t\t\t<div class=\"elementor-widget-container\">\n\t\t\t\t\t\t\t\t\t<h3>\u00a0<\/h3>\n<h3><span style=\"color: #002060;\"><strong><a href=\"http:\/\/gps.contactgps.ch\/rungps\/0ZIKXEKKRK\" target=\"_blank\" rel=\"noopener noreferrer\" name=\"english\">Your gender lens in professional practice<\/a><\/strong><\/span><\/h3>\n<p>\u00a0<\/p>\n<p>Designed for media professionals responsible for creating content, this GPS aims to catalyze critical reflection on the intersections between gender concerns and journalistic ethics.<\/p>\n<p>\u00a0<\/p>\n<p>The questions in the GPS are NOT a test. Rather, each question addresses a dimension of media practice from a gender perspective. The GPS should therefore be used as a tool to begin conversations on gender concerns in media, based on the respondent&#8217;s reflection of their own approach to journalism or content creation<br \/><span style=\"text-decoration: underline;\">How it works:<\/span> Respond to the questions, making reference to, as much as possible, concrete experiences in your journalistic career. Your responses are computed to find your location on a conceptual &#8220;gender ethics in journalism&#8221; compass. The GPS reveals how gender concerns intersect with your understanding and practice of journalism, from the perspective of professional ethics.<\/p>\n<p>\u00a0<\/p>\n<p>Use the GPS to interrogate your gender lens here: <a href=\"http:\/\/gps.contactgps.ch\/rungps\/0ZIKXEKKRK\/en\" target=\"_blank\" rel=\"noopener noreferrer\">http:\/\/gps.contactgps.ch\/rungps\/0ZIKXEKKRK\/en<\/a><\/p>\n<p>\u00a0<\/p>\n<p>\u00a0<\/p>\n<h3><span style=\"color: #ff0000;\"><strong><a href=\"http:\/\/gps.contactgps.ch\/rungps\/0ZIKXEKKRK\" target=\"_blank\" rel=\"noopener noreferrer\" name=\"french\">La dimension du genre dans votre pratique professionnelle<\/a><\/strong><\/span><\/h3>\n<p>\u00a0<\/p>\n<p>Con\u00e7u \u00e0 l\u2019attention des journalistes ce GPS vise \u00e0 susciter une r\u00e9flexion critique sur les croisements entre le &#8216;genre &#8216; et la d\u00e9ontologie journalistique.<\/p>\n<p>\u00a0<\/p>\n<p>Vous aller devoir r\u00e9pondre \u00e0 10 questions; dans la mesure du possible elles doivent \u00eatre remplies en fonction de situations concr\u00e8tes que vous avez travers\u00e9es.<\/p>\n<p>\u00a0<\/p>\n<p>Veuillez noter que les questions ne sont pas un test. Chaque question traite une dimension de la pratique journalistique dans une perspective de genre. Le GPS est donc un outil d&#8217;entamer un dialogue sur les questions genre dans les m\u00e9dias, bas\u00e9 sur vos r\u00e9flexions de votre propre approche au journalisme.<\/p>\n<p>La combinaison de vos r\u00e9ponses aux questions va vous situer sur une carte intitul\u00e9e \u00ab l\u2019\u00e9thique journalistique dans le domaine du genre\u00bb. La position indiqu\u00e9e par le GPS r\u00e9v\u00e8lera l\u2019interaction entre les questions genre et votre compr\u00e9hension et pratique journalistique, du point de vue de l&#8217;\u00e9thique professionnelle.<\/p>\n<p>\u00a0<\/p>\n<p>Utilisez le GPS pour interroger votre angle du genre ici :<\/p>\n<p><a href=\"http:\/\/gps.contactgps.ch\/rungps\/0ZIKXEKKRK\/fr\" target=\"_blank\" rel=\"noopener noreferrer\">http:\/\/gps.contactgps.ch\/rungps\/0ZIKXEKKRK\/fr<\/a><\/p>\n<p>\u00a0<\/p>\n<p>\u00a0<\/p>\n<h3><span style=\"color: #00b050;\"><strong><a href=\"http:\/\/gps.contactgps.ch\/rungps\/0ZIKXEKKRK\" name=\"spanish\">La dimensi\u00f3n de g\u00e9nero en su pr\u00e1ctica profesional<\/a><\/strong><\/span><\/h3>\n<p>\u00a0<\/p>\n<p>El GPS est\u00e1 dise\u00f1ado para los profesionales de los medios responsables de crear contenidos, este GPS tiene como objetivo catalizar la reflexi\u00f3n cr\u00edtica sobre las intersecciones entre las cuestiones de g\u00e9nero y la \u00e9tica period\u00edstica.<\/p>\n<p>\u00a0<\/p>\n<p>Tenga en cuenta que las preguntas no son una prueba. Cada pregunta aborda una dimensi\u00f3n desde la perspectiva de g[enero, sobre la pr\u00e1ctica de los medios. El GPS entonces puede ser utilizado como una herramienta para iniciar conversaciones sobre cuestiones de g\u00e9nero en los medios de comunicaci\u00f3n, basado en la perspectiva profesional de cada periodista.<\/p>\n<p>\u00a0<\/p>\n<p>\u00bfC\u00f3mo funciona: Responda a las preguntas que siguen, haciendo referencia, en la medida de lo posible, a las experiencias concretas en su carrera period\u00edstica. La combinaci\u00f3n de sus respuestas le situar\u00e1 en un mapa conceptual de &#8220;\u00e9tica de g\u00e9nero en el periodismo&#8221;.<\/p>\n<p>\u00a0<\/p>\n<p>Su posici\u00f3n en el GPS revelar\u00e1 c\u00f3mo las cuestiones de g\u00e9nero se entrecruzan con la comprensi\u00f3n y la pr\u00e1ctica del periodismo, desde la perspectiva de la \u00e9tica profesional.<\/p>\n<p>\u00a0<\/p>\n<p>Utilice el GPS para interrogar a su lente del g\u00e9nero aqu\u00ed: <a href=\"http:\/\/gps.contactgps.ch\/rungps\/0ZIKXEKKRK\/sp\" target=\"_blank\" rel=\"noopener noreferrer\">http:\/\/gps.contactgps.ch\/rungps\/0ZIKXEKKRK\/sp<\/a><\/p>\n<p><!-- \/wp:html --><\/p>\n<p>\u00a0<\/p>\t\t\t\t\t\t\t\t<\/div>\n\t\t\t\t<\/div>\n\t\t\t\t\t<\/div>\n\t\t<\/div>\n\t\t\t\t<div class=\"elementor-column elementor-col-33 elementor-top-column elementor-element elementor-element-e45f063\" data-id=\"e45f063\" data-element_type=\"column\" data-e-type=\"column\">\n\t\t\t<div class=\"elementor-widget-wrap\">\n\t\t\t\t\t\t\t<\/div>\n\t\t<\/div>\n\t\t\t\t\t<\/div>\n\t\t<\/section>\n\t\t\t\t<section class=\"elementor-section elementor-top-section elementor-element elementor-element-1be9556 elementor-section-boxed elementor-section-height-default elementor-section-height-default parallax_section_no qode_elementor_container_no\" data-id=\"1be9556\" data-element_type=\"section\" data-e-type=\"section\">\n\t\t\t\t\t\t<div class=\"elementor-container elementor-column-gap-default\">\n\t\t\t\t\t<div class=\"elementor-column elementor-col-100 elementor-top-column elementor-element elementor-element-19f0a3c\" data-id=\"19f0a3c\" data-element_type=\"column\" data-e-type=\"column\">\n\t\t\t<div class=\"elementor-widget-wrap elementor-element-populated\">\n\t\t\t\t\t\t\t<\/div>\n\t\t<\/div>\n\t\t\t\t\t<\/div>\n\t\t<\/section>\n\t\t\t\t<\/div>","protected":false},"excerpt":{"rendered":"<p>Gender Ethics Compass \u00a0 Your gender lens in professional practice \u00a0 Designed for media professionals responsible for creating content, this GPS aims to catalyze critical reflection on the intersections between gender concerns and journalistic ethics. \u00a0 The questions in the GPS are NOT a test&#8230;.<\/p>","protected":false},"author":1,"featured_media":0,"parent":0,"menu_order":0,"comment_status":"closed","ping_status":"closed","template":"","meta":{"footnotes":""},"class_list":["post-3664","page","type-page","status-publish","hentry"],"_links":{"self":[{"href":"https:\/\/whomakesthenews.org\/es\/wp-json\/wp\/v2\/pages\/3664","targetHints":{"allow":["GET"]}}],"collection":[{"href":"https:\/\/whomakesthenews.org\/es\/wp-json\/wp\/v2\/pages"}],"about":[{"href":"https:\/\/whomakesthenews.org\/es\/wp-json\/wp\/v2\/types\/page"}],"author":[{"embeddable":true,"href":"https:\/\/whomakesthenews.org\/es\/wp-json\/wp\/v2\/users\/1"}],"replies":[{"embeddable":true,"href":"https:\/\/whomakesthenews.org\/es\/wp-json\/wp\/v2\/comments?post=3664"}],"version-history":[{"count":5,"href":"https:\/\/whomakesthenews.org\/es\/wp-json\/wp\/v2\/pages\/3664\/revisions"}],"predecessor-version":[{"id":10065,"href":"https:\/\/whomakesthenews.org\/es\/wp-json\/wp\/v2\/pages\/3664\/revisions\/10065"}],"wp:attachment":[{"href":"https:\/\/whomakesthenews.org\/es\/wp-json\/wp\/v2\/media?parent=3664"}],"curies":[{"name":"wp","href":"https:\/\/api.w.org\/{rel}","templated":true}]}}