{"id":2833,"date":"2020-07-30T12:23:14","date_gmt":"2020-07-30T16:23:14","guid":{"rendered":"http:\/\/new.whomakesthenews.org\/?page_id=2833"},"modified":"2021-03-24T15:16:39","modified_gmt":"2021-03-24T19:16:39","slug":"monitoring-methodology-guides-and-coding-tools","status":"publish","type":"page","link":"https:\/\/whomakesthenews.org\/es\/monitoring-methodology-guides-and-coding-tools\/","title":{"rendered":"Monitoring methodology guides and coding tools"},"content":{"rendered":"<h2>Monitoring Methodology Guides and Coding Tools<\/h2>\n\n\n<div class=\"wp-block-media-text alignwide is-stacked-on-mobile\" style=\"grid-template-columns:28% auto\"><figure class=\"wp-block-media-text__media\"><img fetchpriority=\"high\" decoding=\"async\" width=\"807\" height=\"504\" src=\"https:\/\/new.whomakesthenews.org\/wp-content\/uploads\/2020\/07\/Media-Logo.jpg\" alt=\"\" class=\"wp-image-2834 size-full\" srcset=\"https:\/\/whomakesthenews.org\/wp-content\/uploads\/2020\/07\/Media-Logo.jpg 807w, https:\/\/whomakesthenews.org\/wp-content\/uploads\/2020\/07\/Media-Logo-300x187.jpg 300w, https:\/\/whomakesthenews.org\/wp-content\/uploads\/2020\/07\/Media-Logo-768x480.jpg 768w\" sizes=\"(max-width: 807px) 100vw, 807px\" \/><\/figure><div class=\"wp-block-media-text__content\">\n<p><h5><a href=\"https:\/\/whomakesthenews.org\/wp-content\/uploads\/2021\/03\/SAMPLING-GUIDE.pdf\">SAMPLING GUIDE<\/a><\/h5>\n<p><strong>How to select media \/ Como seleccionar los medios\/ Comment selectionner les medias&nbsp;<\/strong><\/p>\n<p><a href=\"https:\/\/whomakesthenews.org\/wp-content\/uploads\/2021\/03\/SAMPLING-GUIDE.pdf\">Download\/Descargar\/Telecharger<\/a><\/p><\/p>\n\n\n\n<p><p>&nbsp;<\/p>\n<p><strong>Media Bands\/Niveles de densidad\/Bandes de densit\u00e9:&nbsp;How many media to monitor \/ Cuantos medios a monitorear \/ Combien de m\u00e9dias \u00e0 surveiller?<\/strong>&nbsp;&nbsp;&nbsp;<\/p>\n<p><strong><a href=\"https:\/\/cdn.agilitycms.com\/who-makes-the-news\/gmmp6\/GMMP2020 Media Bands Final.xls\" target=\"_blank\" rel=\"noreferrer noopener\">Download \/ Descargar \/ Telecharger<\/a><\/strong><\/p><\/p>\n<\/div><\/div>\n\n\n\n\n\n\n\n<p>&nbsp;<\/p>\n\n\n\n<div class=\"wp-block-columns is-layout-flex wp-container-core-columns-is-layout-9d6595d7 wp-block-columns-is-layout-flex\">\n<div class=\"wp-block-column is-layout-flow wp-block-column-is-layout-flow\">\n<h1 class=\"wp-block-heading\">English<\/h1>\n\n\n\n<p><p>&nbsp;<\/p>\n<p><strong>Quick reference coding guides<\/strong><\/p><\/p>\n\n\n\n<p>This guide provides a quick overview of the questions and codes for Newspaper, Radio, Television, Internet and Twitter news monitoring. Refer to the comprehensive guide for each medium for more details on the questions and issues to consider when coding.<\/p>\n\n\n\n<p><a href=\"https:\/\/whomakesthenews.org\/wp-content\/uploads\/2021\/03\/GMMP-2020-FULL-MONITORING-quick-reference-coding-system-summary.pdf\">GMMP 2020 (FULL MONITORING) quick reference coding system summary<\/a><\/p>\n\n\n\n<p><a href=\"https:\/\/whomakesthenews.org\/wp-content\/uploads\/2021\/03\/GMMP-2020-SHORT-MONITORING-quick-reference-coding-system-summary.pdf\">GMMP 2020 (SHORT MONITORING) quick reference coding system summary<\/a><\/p>\n\n\n\n<p><strong>Comprehensive guides<\/strong><\/p>\n\n\n\n<p>The comprehensive guides provide in-depth details on each question and the &nbsp;issues to consider while coding. Examples are annexed in each guide. Remember to complete the qualitative monitoring form as well!<\/p>\n\n\n\n<p><ol>\n<li><a href=\"https:\/\/whomakesthenews.org\/wp-content\/uploads\/2021\/03\/GMMP-2020-Methodology-Guide.pdf\">GMMP 2020 Methodology Guide<\/a><\/li>\n<\/ol><\/p>\n\n\n\n<p>&nbsp;2. <a href=\"https:\/\/whomakesthenews.org\/wp-content\/uploads\/2021\/03\/How-to-capture-news-websites-and-news-media-Twitter-feeds-for-later-coding.pdf\">How-to-capture-news-websites-and-news-media-Twitter-feeds-for-later-coding<\/a><\/p>\n\n\n\n<p>3. <a href=\"https:\/\/whomakesthenews.org\/wp-content\/uploads\/2021\/03\/GMMP-2020-Qualitative-news-analysis.docx\">GMMP 2020 Qualitative news analysis<\/a><\/p>\n\n\n\n<p><strong>Coding Sheets<\/strong><\/p>\n\n\n\n<p>Manually record your answers in the coding sheets before transferring them into the electronic data capture tool.<\/p>\n\n\n\n<p><strong>Option 1. Full Monitoring<\/strong><\/p>\n\n\n\n<p>1a.<a href=\"https:\/\/whomakesthenews.org\/wp-content\/uploads\/2021\/03\/Coding-sheets-for-radio-TV-and-print-news.doc\">Coding-sheets-for-radio-TV-and-print-news<\/a><\/p>\n\n\n\n<p>2a.<a href=\"https:\/\/cdn.agilitycms.com\/who-makes-the-news\/gmmp6\/GMMP 2020 (FULL MONITORING) blank coding sheet for Internet news and tweets.doc\" target=\"_blank\" rel=\"noreferrer noopener\">&nbsp;Coding sheets for Internet and Twitter news monitoring<\/a>&nbsp;<\/p>\n\n\n\n<p><strong>Option 2. Short Monitoring<\/strong><\/p>\n\n\n\n<p>1b. <a href=\"https:\/\/whomakesthenews.org\/wp-content\/uploads\/2021\/03\/GMMP-2020-SHORT-MONITORING-blank-coding-sheets-for-radio-TV-and-print-news.doc\">GMMP 2020 (SHORT MONITORING) blank coding sheets for radio TV and print news<\/a><\/p>\n\n\n\n<p>2b.&nbsp;<a href=\"https:\/\/cdn.agilitycms.com\/who-makes-the-news\/gmmp6\/GMMP 2020 (SHORT MONITORING) blank coding sheet for Internet news and tweets.doc\" target=\"_blank\" rel=\"noreferrer noopener\">Coding sheets for Internet and Twitter news monitoring<\/a>&nbsp;<\/p>\n\n\n\n<p><strong>Context and feedback<\/strong><\/p>\n\n\n\n<p>1. Complete the&nbsp;<a href=\"https:\/\/cdn.agilitycms.com\/who-makes-the-news\/gmmp6\/GMMP 2020 Contextual information Form.docx\" target=\"_blank\" rel=\"noreferrer noopener\">contextual information form<\/a>&nbsp;&nbsp;to help the analyst understand and interpret the data from your country.<\/p>\n\n\n\n<p>2. Record observations about the process and your experience in the&nbsp;<a href=\"https:\/\/cdn.agilitycms.com\/who-makes-the-news\/gmmp6\/GMMP 2020 Feedback form.docx\" target=\"_blank\" rel=\"noreferrer noopener\">feedback form<\/a>.<\/p>\n<\/div>\n\n\n\n<div class=\"wp-block-column is-layout-flow wp-block-column-is-layout-flow\">\n<h1 class=\"wp-block-heading\">Espa\u00f1ol<\/h1>\n\n\n\n<p><p>&nbsp;<\/p>\n<p><strong>Gu\u00eda r\u00e1pida sobre el proceso de codificaci\u00f3n<\/strong><\/p><\/p>\n\n\n\n<p>Esta gu\u00eda proporciona un resumen r\u00e1pido de las preguntas y los c\u00f3digos necesarios para realizar el monitoreo de noticias publicadas en diarios (prensa), radio, televisi\u00f3n, Internet y Twitter. Consulte la gu\u00eda completa sobre cada medio para obtener m\u00e1s detalles sobre las preguntas y elementos a considerar durante todo el proceso.<\/p>\n\n\n\n<p><a href=\"https:\/\/whomakesthenews.org\/wp-content\/uploads\/2021\/03\/GMMP-2020-Monitoreo-completo-Guia-rapida-sobre-la-codificacion.pdf\">GMMP 2020 Monitoreo completo Guia rapida sobre la codificacion<\/a><\/p>\n\n\n\n<p><a href=\"https:\/\/whomakesthenews.org\/wp-content\/uploads\/2021\/03\/GMMP-2020-Monitoreo-Corto-Guia-rapida-sobre-la-codificacion.pdf\">GMMP 2020 Monitoreo Corto Guia rapida sobre la codificacion<\/a><\/p>\n\n\n\n<p><strong>Gu\u00edas completas&nbsp;<\/strong><\/p>\n\n\n\n<p>Las gu\u00edas completas proporcionan detalles en profundidad sobre cada pregunta y elementos a considerar durante la codificaci\u00f3n. Se anexan ejemplos en cada gu\u00eda. Recuerde completar el formulario de monitoreo cualitativo tambi\u00e9n!<\/p>\n\n\n\n<p>1.<a href=\"https:\/\/whomakesthenews.org\/wp-content\/uploads\/2021\/03\/GMMP-2020-Guia-de-Monitoreo.pdf\">1. Gu\u00eda de monitoreo para noticias impresas, de television, de radio, noticias publicades en Internet, noticias en Twitter <\/a><\/p>\n\n\n\n<p>2.&nbsp;&nbsp;<a href=\"https:\/\/cdn.agilitycms.com\/who-makes-the-news\/gmmp6\/GMMP 2020 AN\u00c1LISIS CUALITATIVO DE LAS NOTICIAS.docx\" target=\"_blank\" rel=\"noreferrer noopener\">Gu\u00eda de monitoreo cualitativo y formulario<\/a><\/p>\n\n\n\n<p><strong>Hojas de codificaci\u00f3n<\/strong><\/p>\n\n\n\n<p>Registre manualmente sus respuestas en las hojas de codificaci\u00f3n antes de transferirlas a la base de datos electr\u00f3nica.<\/p>\n\n\n\n<p><strong>Opci\u00f3n 1: Monitoreo completo<\/strong><\/p>\n\n\n\n<p>1a.&nbsp;&nbsp;<a href=\"https:\/\/cdn.agilitycms.com\/who-makes-the-news\/gmmp6\/GMMP 2020 (COMPLETO) hoja de codification periodicos radio TV .doc\" target=\"_blank\" rel=\"noreferrer noopener\">Hojas de codificaci\u00f3n para el monitoreo de las noticias en peri\u00f3dicos, televisi\u00f3n y radio<\/a><\/p>\n\n\n\n<p>2a.&nbsp;<a href=\"https:\/\/cdn.agilitycms.com\/who-makes-the-news\/gmmp6\/GMMP 2020 (COMPLETO) hoja de codification Internet y Twitter.doc\" target=\"_blank\" rel=\"noreferrer noopener\">Hojas de codificaci\u00f3n&nbsp; para el monitoreo de las noticias en internet y Twitter<\/a><\/p>\n\n\n\n<p><strong>Opci\u00f3n 2: Monitoreo abreviado<\/strong><\/p>\n\n\n\n<p>1b.&nbsp;&nbsp;<a href=\"https:\/\/cdn.agilitycms.com\/who-makes-the-news\/gmmp6\/GMMP 2020 (CORTO) hoja de codificacion periodicos radio TV .doc\" target=\"_blank\" rel=\"noreferrer noopener\">Hojas de codificaci\u00f3n para el monitoreo de las noticias en peri\u00f3dicos, televisi\u00f3n y radio<\/a><\/p>\n\n\n\n<p>2b.<a href=\"https:\/\/cdn.agilitycms.com\/who-makes-the-news\/gmmp6\/GMMP 2020 (CORTO) hoja de codificacion Internet y Twitter.doc\" target=\"_blank\" rel=\"noreferrer noopener\">&nbsp;Hojas de codificaci\u00f3n&nbsp; para el monitoreo de las noticias en internet y Twitte<\/a>r<\/p>\n\n\n\n<p><strong>Contexto y comentarios<\/strong><\/p>\n\n\n\n<p>Complete el&nbsp;<a href=\"https:\/\/cdn.agilitycms.com\/who-makes-the-news\/gmmp6\/GMMP 2020 INFORMACI\u00d3N CONTEXTUAL.doc\" target=\"_blank\" rel=\"noreferrer noopener\">formulario de informaci\u00f3n contextual<\/a>&nbsp;para ayudar al analista a entender e interpretar los datos de su pa\u00eds<\/p>\n\n\n\n<p>Registre sus observaciones sobre el proceso y su experiencia con el proyecto en el&nbsp;<a href=\"https:\/\/cdn.agilitycms.com\/who-makes-the-news\/gmmp6\/GMMP 2020 FORMULARIO DE RESPUESTA.docx\" target=\"_blank\" rel=\"noreferrer noopener\">formulario de comentarios<\/a>.<\/p>\n<\/div>\n\n\n\n<div class=\"wp-block-column is-layout-flow wp-block-column-is-layout-flow\">\n<h1 class=\"wp-block-heading\">Fran\u00e7ais<\/h1>\n\n\n\n<p><p>&nbsp;<\/p>\n<p>Guide de r\u00e9f\u00e9rence rapide au syst\u00e8me de codage<\/p><\/p>\n\n\n\n<p>Ce guide fournit un aper\u00e7u rapide des questions et des codes pour le monitorage des journaux, radio, t\u00e9l\u00e9vision, nouvelles sur l&#8217;Internet et sur Twitter. Consultez le guide complet&nbsp; pour plus de d\u00e9tails sur les questions et les probl\u00e8mes \u00e0 consid\u00e9rer lors du codage.<\/p>\n\n\n\n<p>FORMAT COMPLET: &nbsp;<a href=\"https:\/\/cdn.agilitycms.com\/who-makes-the-news\/gmmp6\/GMMP 2020 (FORMAT COMPLET) Systeme de codage synthese.pdf\" target=\"_blank\" rel=\"noreferrer noopener\">T\u00e9l\u00e9chargez le guide de r\u00e9f\u00e9rence rapide au syst\u00e8me de codage ici<\/a><\/p>\n\n\n\n<p>FORMAT COURT: &nbsp;<a href=\"https:\/\/cdn.agilitycms.com\/who-makes-the-news\/gmmp6\/GMMP 2020 (FORMAT COURT) Systeme de codage synthese.pdf\" target=\"_blank\" rel=\"noreferrer noopener\">T\u00e9l\u00e9chargez le guide de r\u00e9f\u00e9rence rapide au syst\u00e8me de codage ici<\/a><\/p>\n\n\n\n<p><strong>Guides complets<\/strong><\/p>\n\n\n\n<p>Les guides complets fournissent des d\u00e9tails approfondis sur chaque question et les questions \u00e0 examiner pendant le codage. Les exemples sont annex\u00e9s \u00e0 chaque guide. N&#8217;oubliez pas de remplir le formulaire de monitorage qualitatif aussi!<br><br>1.&nbsp;&nbsp;<a href=\"https:\/\/cdn.agilitycms.com\/who-makes-the-news\/gmmp6\/GMMP 2020 Guide de monitorage.pdf\" target=\"_blank\" rel=\"noreferrer noopener\">Guide de monitorage pour la presse \u00e9crite, bulletins de nouvelles de t\u00e9l\u00e9vision, de radio, sur Internet et sur Twitter<\/a>&nbsp;<br><br>2.&nbsp;<a href=\"https:\/\/cdn.agilitycms.com\/who-makes-the-news\/gmmp6\/GMMP 2020 Analyse qualitatif.docx\" target=\"_blank\" rel=\"noreferrer noopener\">Guide de monitorage qualitatif et formulaire<\/a><\/p>\n\n\n\n<p><strong>Fiches de codage<\/strong><\/p>\n\n\n\n<p>Enregistrer manuellement vos r\u00e9ponses dans les fiches de codage avant de les transf\u00e9rer dans la base de donn\u00e9es.<\/p>\n\n\n\n<p><strong>Option 1: Format complet<\/strong><\/p>\n\n\n\n<p>1a.&nbsp;&nbsp;<a href=\"https:\/\/cdn.agilitycms.com\/who-makes-the-news\/gmmp6\/GMMP 2020 (COMPLET) feuilles de codage Journaux Radio Tele.doc\" target=\"_blank\" rel=\"noreferrer noopener\">Fiches de codage pour le monitorage des nouvelles dans les journaux, t\u00e9l\u00e9vision et radio<\/a><\/p>\n\n\n\n<p>2a.&nbsp;&nbsp;<a href=\"https:\/\/cdn.agilitycms.com\/who-makes-the-news\/gmmp6\/GMMP 2020 (COMPLET) feuilles de codage pour Internet et Twitter.doc\" target=\"_blank\" rel=\"noreferrer noopener\">Fiches de codage pour le monitorage des nouvelles sur Internet et Twitter<\/a><\/p>\n\n\n\n<p><strong>Option 2: Format court<\/strong><\/p>\n\n\n\n<p>1b.&nbsp;&nbsp;<a href=\"https:\/\/cdn.agilitycms.com\/who-makes-the-news\/gmmp6\/GMMP 2020 (COURT) feuilles de codage Journaux Radio Tele.doc\" target=\"_blank\" rel=\"noreferrer noopener\">Fiches de codage pour le monitorage des nouvelles dans les journaux, t\u00e9l\u00e9vision et radio<\/a><\/p>\n\n\n\n<p>2b.&nbsp;&nbsp;<a href=\"https:\/\/cdn.agilitycms.com\/who-makes-the-news\/gmmp6\/GMMP 2020 (COURT) feuilles de codage pour Internet et Twitter.doc\" target=\"_blank\" rel=\"noreferrer noopener\">Fiches de codage pour le monitorage des nouvelles sur Internet et Twitter<\/a><\/p>\n\n\n\n<p><strong>Contexte et commentaires<\/strong><\/p>\n\n\n\n<p>Compl\u00e9tez le&nbsp;<a href=\"https:\/\/cdn.agilitycms.com\/who-makes-the-news\/gmmp6\/GMMP 2020 Le contexte.doc\" target=\"_blank\" rel=\"noreferrer noopener\">formulaire d\u2019informations contextuelles<\/a>&nbsp;&nbsp;pour aider l&#8217;analyste \u00e0 comprendre et interpr\u00e9ter les donn\u00e9es de votre pays<br><br>Enregistrez&nbsp; vos observations sur le processus ainsi que votre exp\u00e9rience dans le&nbsp;<a href=\"https:\/\/cdn.agilitycms.com\/who-makes-the-news\/gmmp6\/GMMP 2020 Formulaire de reponse.doc\" target=\"_blank\" rel=\"noreferrer noopener\">formulaire de commentaires<\/a><\/p>\n<\/div>\n<\/div>\n\n\n\n<div class=\"wp-block-columns is-layout-flex wp-container-core-columns-is-layout-9d6595d7 wp-block-columns-is-layout-flex\">\n<div class=\"wp-block-column is-layout-flow wp-block-column-is-layout-flow\">\n<h1 class=\"wp-block-heading\">Portuguese<\/h1>\n\n\n\n<p><p>&nbsp;<\/p>\n<p><a href=\"https:\/\/cdn.agilitycms.com\/who-makes-the-news\/gmmp6\/Guia de monitoramento para todos os meios\u2013PT.pdf\" target=\"_blank\" rel=\"noreferrer noopener\">Guia de monitoramento para todos os meios<\/a>&nbsp;&nbsp;<br><a href=\"https:\/\/cdn.agilitycms.com\/who-makes-the-news\/gmmp6\/Como capturar sites de not\u00edcias e feeds do Twitter para codifica\u00e7\u00e3o posterior\u2013PT.pdf\" target=\"_blank\" rel=\"noreferrer noopener\">Como capturar sites de not\u00edcias e feeds do Twitter para codifica\u00e7\u00e3o posterior<\/a>&nbsp;<\/p><\/p>\n\n\n\n<p><strong>Op\u00e7\u00e3o 1. Monitoramento completo<\/strong><\/p>\n\n\n\n<p><a href=\"https:\/\/cdn.agilitycms.com\/who-makes-the-news\/gmmp6\/Guia r\u00e1pido de codifica\u00e7\u00e3o\u2013monitoramento completo\u2013PT.pdf\" target=\"_blank\" rel=\"noreferrer noopener\">Guia r\u00e1pido de codifica\u00e7\u00e3o\u2013monitoramento completo<\/a><a href=\"https:\/\/cdn.agilitycms.com\/who-makes-the-news\/gmmp6\/Guia de monitoramento para todos os meios\u2013PT.pdf\" target=\"_blank\" rel=\"noreferrer noopener\">&nbsp;<\/a>&nbsp;<br><a href=\"https:\/\/cdn.agilitycms.com\/who-makes-the-news\/gmmp6\/Grelhas de codifica\u00e7\u00e3o completa de internet e twitter.doc\">Grelhas de codifica\u00e7\u00e3o completa de Internet e Twitter<\/a>&nbsp;<br><a href=\"https:\/\/cdn.agilitycms.com\/who-makes-the-news\/gmmp6\/Grelhas de codifica\u00e7\u00e3o completa de jornais televis\u00e3o e r\u00e1dio.docx\">Grelhas de codifica\u00e7\u00e3o dos jornais, da r\u00e1dio e da televis\u00e3o<\/a>&nbsp;<\/p>\n\n\n\n<p><strong>Op\u00e7\u00e3o 2. Monitoramento reduzido<\/strong><\/p>\n\n\n\n<p><a href=\"https:\/\/cdn.agilitycms.com\/who-makes-the-news\/gmmp6\/Guia r\u00e1pido de codifica\u00e7\u00e3o\u2013 monitoramento reduzido\u2013PT.pdf\">Guia r\u00e1pido de codifica\u00e7\u00e3o\u2013 monitoramento reduzido<\/a>&nbsp;<br><a href=\"https:\/\/cdn.agilitycms.com\/who-makes-the-news\/gmmp6\/Grelhas de codifica\u00e7\u00e3o reduzido de internet e twitter.doc\">Grelhas de codifica\u00e7\u00e3o reduzida para Internet e Twitter<\/a>&nbsp;<br><a href=\"https:\/\/cdn.agilitycms.com\/who-makes-the-news\/gmmp6\/Grelhas de codifica\u00e7\u00e3o reduzido de jornais televis\u00e3o e r\u00e1dio.docx\">Grelhas de codifica\u00e7\u00e3o reduzida para jornais, radio e televis\u00e3o<\/a>&nbsp;<\/p>\n\n\n\n<p><strong>Monitoramento qualitativo<\/strong><\/p>\n\n\n\n<p><a href=\"https:\/\/cdn.agilitycms.com\/who-makes-the-news\/gmmp6\/Guia de monitoramento qualitativo e formul\u00e1rio\u2013PT.docx\" target=\"_blank\" rel=\"noreferrer noopener\">Guia de monitoramento qualitativo e formul\u00e1rio<\/a>&nbsp;&nbsp;<\/p>\n\n\n\n<p><strong>Contexto e feedback<\/strong><\/p>\n\n\n\n<p><a href=\"https:\/\/cdn.agilitycms.com\/who-makes-the-news\/gmmp6\/Formul\u00e1rio de feedback\u2013PT.docx\" target=\"_blank\" rel=\"noreferrer noopener\">Formul\u00e1rio de feedback<\/a>&nbsp;&nbsp;<br><a href=\"https:\/\/cdn.agilitycms.com\/who-makes-the-news\/gmmp6\/Informa\u00e7\u00e3o contextual\u2013PT.docx\" target=\"_blank\" rel=\"noreferrer noopener\">Informa\u00e7\u00e3o contextual<\/a>&nbsp;<\/p>\n<\/div>\n\n\n\n<div class=\"wp-block-column is-layout-flow wp-block-column-is-layout-flow\">\n<h2 class=\"wp-block-heading\">\u0627\u0644\u0639\u0631\u0628\u064a\u0629<\/h2>\n\n\n\n<p><p>&nbsp;<\/p>\n<p><strong>Quick reference coding guides<\/strong><\/p><\/p>\n\n\n\n<p>FULL MONITORING: <a href=\"https:\/\/cdn.agilitycms.com\/who-makes-the-news\/gmmp6\/GMMP-FM-Ar. Mars 20-\u0627\u0644\u0631\u0635\u062f \u0627\u0644\u0643\u0627\u0645\u0644-Long Q.pdf\">Download the quick reference coding guides here<\/a>.<\/p>\n\n\n\n<p>SHORT MONITORING: <a href=\"https:\/\/cdn.agilitycms.com\/who-makes-the-news\/gmmp6\/GMMP-ShM-Ar. Mars 20-\u0627\u0644\u0631\u0635\u062f \u0627\u0644\u0642\u0635\u064a\u0631 -Short Q.pdf\">Download the quick reference coding guides here<\/a>.<\/p>\n\n\n\n<p><strong>Comprehensive guides<\/strong><\/p>\n\n\n\n<p>&nbsp;<a href=\"https:\/\/cdn.agilitycms.com\/who-makes-the-news\/gmmp6\/GMMP 2020 Methodology Guide Arabic.pdf\">Monitoring guide for all mediums: Print, Radio, Television, Internet, Twitter<\/a>&nbsp;<\/p>\n\n\n\n<p><strong>Coding Sheets<\/strong><\/p>\n\n\n\n<p>Manually record your answers in the coding sheets before transferring them into the electronic data capture tool.<\/p>\n\n\n\n<p><strong>Option 1. Full Monitoring<\/strong><\/p>\n\n\n\n<p>1a.&nbsp;&nbsp;<a href=\"https:\/\/cdn.agilitycms.com\/who-makes-the-news\/gmmp6\/GMMP-FM-Ar. Covid-\u0623\u0646\u062a\u0631\u0646\u062a-\u062a\u0648\u064a\u062a\u0631.docx\">download<\/a><\/p>\n\n\n\n<p>1b. &nbsp;&nbsp;<a href=\"https:\/\/cdn.agilitycms.com\/who-makes-the-news\/gmmp6\/GMMP-FM-Ar. Covid-\u0635\u062d\u0641-\u0631\u0627\u062f\u064a\u0648-\u062a\u0644\u0641\u0632\u0629.docx\">download<\/a><\/p>\n\n\n\n<p><strong>Option 2. Short Monitoring<\/strong><\/p>\n\n\n\n<p>2a.&nbsp;&nbsp;<a href=\"https:\/\/cdn.agilitycms.com\/who-makes-the-news\/gmmp6\/GMMP-ShM-Ar. covid-\u0627\u0646\u062a\u0631\u0646\u064a\u062a-\u062a\u0648\u064a\u062a\u0631.docx\">download<\/a><\/p>\n\n\n\n<p>2b. &nbsp;<a href=\"https:\/\/cdn.agilitycms.com\/who-makes-the-news\/gmmp6\/GMMP-ShM-Ar. covid- \u0635\u062d\u0641-\u0631\u0627\u062f\u064a\u0648-\u062a\u0644\u0641\u0632\u0629.doc\">download<\/a><\/p>\n<\/div>\n<\/div>","protected":false},"excerpt":{"rendered":"<p>Monitoring Methodology Guides and Coding Tools SAMPLING GUIDE How to select media \/ Como seleccionar los medios\/ Comment selectionner les medias&nbsp; Download\/Descargar\/Telecharger &nbsp; Media Bands\/Niveles de densidad\/Bandes de densit\u00e9:&nbsp;How many media to monitor \/ Cuantos medios a monitorear \/ Combien de m\u00e9dias \u00e0 surveiller?&nbsp;&nbsp;&nbsp; Download&#8230;<\/p>","protected":false},"author":1,"featured_media":0,"parent":0,"menu_order":0,"comment_status":"closed","ping_status":"closed","template":"","meta":{"footnotes":""},"class_list":["post-2833","page","type-page","status-publish","hentry"],"_links":{"self":[{"href":"https:\/\/whomakesthenews.org\/es\/wp-json\/wp\/v2\/pages\/2833","targetHints":{"allow":["GET"]}}],"collection":[{"href":"https:\/\/whomakesthenews.org\/es\/wp-json\/wp\/v2\/pages"}],"about":[{"href":"https:\/\/whomakesthenews.org\/es\/wp-json\/wp\/v2\/types\/page"}],"author":[{"embeddable":true,"href":"https:\/\/whomakesthenews.org\/es\/wp-json\/wp\/v2\/users\/1"}],"replies":[{"embeddable":true,"href":"https:\/\/whomakesthenews.org\/es\/wp-json\/wp\/v2\/comments?post=2833"}],"version-history":[{"count":6,"href":"https:\/\/whomakesthenews.org\/es\/wp-json\/wp\/v2\/pages\/2833\/revisions"}],"predecessor-version":[{"id":12571,"href":"https:\/\/whomakesthenews.org\/es\/wp-json\/wp\/v2\/pages\/2833\/revisions\/12571"}],"wp:attachment":[{"href":"https:\/\/whomakesthenews.org\/es\/wp-json\/wp\/v2\/media?parent=2833"}],"curies":[{"name":"wp","href":"https:\/\/api.w.org\/{rel}","templated":true}]}}